{"id":31368,"date":"2025-12-07T18:14:19","date_gmt":"2025-12-07T18:14:19","guid":{"rendered":"https:\/\/nakliyenkapinda.com\/tasinma-ve-yol-hizmetleri\/nakliyat\/"},"modified":"2025-12-07T18:14:19","modified_gmt":"2025-12-07T18:14:19","slug":"nakliyat","status":"publish","type":"page","link":"https:\/\/nakliyenkapinda.com\/tasinma-ve-yol-hizmetleri\/","title":{"rendered":"Nakliyat"},"content":{"rendered":"\n<p><strong>Nakliyat<\/strong> ihtiya\u00e7 duydu\u011funuz her durumda h\u0131zl\u0131, g\u00fcvenilir ve profesyonel \u00e7\u00f6z\u00fcmler sunan kapsaml\u0131 bir hizmetler sa\u011flamaky\u0131z. T\u00fcm ihiya\u00e7 ve problemlerine, teknik destekten yerinde m\u00fcdahaleye kadar bir\u00e7ok farkl\u0131 ihtiyaca uygun cevap vererek g\u00fcvenli \u015fekilde hizmet vermekteyiz.<\/p>\n\n\n\n<p>Gece veya g\u00fcnd\u00fcz fark etmeksizin ya\u015fad\u0131\u011f\u0131n\u0131z sorunlar\u0131nzda <strong>Nakliyat<\/strong> ekiplerimiz;  t\u00fcm ihtiya\u00e7lar\u0131n\u0131za h\u0131zl\u0131 \u00e7\u00f6z\u00fcm sunar. Yerinde servis imk\u00e2n\u0131m\u0131z sayesinde beklemeden, tam zaman\u0131nda yard\u0131m al\u0131rs\u0131n\u0131z.<\/p>\n\n\n\n<p>Bir\u00e7ok durumunda her zaman yan\u0131n\u0131zday\u0131z. G\u00fcvenilir, ekonomik ayn\u0131 zamanda h\u0131zl\u0131 destek i\u00e7in <strong>Nakliyat<\/strong> hizmetimizden diledi\u011finiz an faydalanabilirsiniz.<\/p>\n\n\n\n<h4 class=\"wp-block-heading\"><strong>Nakliyen Kap\u0131nda \u2013 Profesyonel Yol Yard\u0131m, Ta\u015f\u0131mac\u0131l\u0131k ve \u0130\u015f Makinesi Hizmetleri<\/strong><\/h4>\n\n\n\n<p><strong>Nakliyen Kap\u0131nda<\/strong>, T\u00fcrkiye\u2019nin her noktas\u0131na h\u0131zl\u0131, g\u00fcvenilir ayn\u0131 zamanda profesyonel hizmet sunan lider lojistik ve yol yard\u0131m firmas\u0131d\u0131r. Geni\u015f ara\u00e7 filomuz, uzman ekiplerimiz ve 7\/24 kesintisiz deste\u011fimizle; bireysel veya kurumsal t\u00fcm ihtiya\u00e7lar\u0131n\u0131za en uygun \u00e7\u00f6z\u00fcmleri sunuyoruz.<\/p>\n\n\n\n<h3 class=\"wp-block-heading\"><strong>7\/24 Yol Yard\u0131m ve Kurtarma Hizmetleri<\/strong><\/h3>\n\n\n\n<p>Yolda kald\u0131\u011f\u0131n\u0131z anda yan\u0131n\u0131zday\u0131z!<\/p>\n\n\n\n<ul class=\"wp-block-list\">\n<li><strong>Yol Yard\u0131m \/ Yol Yard\u0131m\u0131<\/strong><\/li>\n\n\n\n<li><strong>Kurtar\u0131c\u0131 \u2013 \u00c7ekici \u2013 \u00c7eki\u00e7i<\/strong><\/li>\n\n\n\n<li><strong>Lastik Yard\u0131m<\/strong><\/li>\n\n\n\n<li><strong>Ak\u00fc Yard\u0131m<\/strong><\/li>\n<\/ul>\n\n\n\n<p>G\u00fcvenli, h\u0131zl\u0131 ayn\u0131 zamanda profesyonel ekiplerimizle bulundu\u011funuz yere en k\u0131sa s\u00fcrede ula\u015f\u0131yoruz.<\/p>\n\n\n\n<hr class=\"wp-block-separator has-alpha-channel-opacity\"\/>\n\n\n\n<h2 class=\"wp-block-heading\"><strong>\u0130\u015f Makinesi ve End\u00fcstriyel Ekipman Hizmetleri<\/strong><\/h2>\n\n\n\n<p>Nakliyen Kap\u0131nda; farkl\u0131 sekt\u00f6rlere y\u00f6nelik geni\u015f kapsaml\u0131 <strong>i\u015f makinesi<\/strong>, <strong>kald\u0131rma<\/strong> bununla birlikte <strong>ta\u015f\u0131ma<\/strong> \u00e7\u00f6z\u00fcmleri sunar:<\/p>\n\n\n\n<ul class=\"wp-block-list\">\n<li><strong>Ekskavat\u00f6r \/ Excavator<\/strong><\/li>\n\n\n\n<li><strong>Kep\u00e7e \u2013 Kaz\u0131c\u0131 \u2013 Kato \u2013 Y\u00fckleyici<\/strong><\/li>\n\n\n\n<li><strong>Forklift \u2013 Forkl\u0131ft \u2013 Transpalet \u2013 Portif<\/strong><\/li>\n\n\n\n<li><strong>Manlift \u2013 Platform \u2013 Sepetli Vin\u00e7 \u2013 Vin\u00e7<\/strong><\/li>\n\n\n\n<li><strong>Hiyap \u2013 Telehandler \u2013 Manitou<\/strong><\/li>\n\n\n\n<li><strong>Lift \u2013 Ata\u015fman \u2013 \u0130stif<\/strong><\/li>\n<\/ul>\n\n\n\n<p>\u0130ster in\u015faat alan\u0131, ister fabrika, ister depo\u2026 Uygun makineleri profesyonel operat\u00f6rlerle birlikte sa\u011fl\u0131yoruz.<\/p>\n\n\n\n<hr class=\"wp-block-separator has-alpha-channel-opacity\"\/>\n\n\n\n<h2 class=\"wp-block-heading\"><strong>Ta\u015f\u0131mac\u0131l\u0131k, Nakliye ve Depolama Hizmetleri<\/strong><\/h2>\n\n\n\n<p>E\u015fyalar\u0131n\u0131z\u0131, makinelerinizi veya ticari y\u00fcklerinizi g\u00fcvenle ta\u015f\u0131yoruz.<\/p>\n\n\n\n<ul class=\"wp-block-list\">\n<li><strong>Nakliye \u2013 Ta\u015f\u0131mac\u0131l\u0131k \u2013 Ta\u015f\u0131nma<\/strong><\/li>\n\n\n\n<li><strong>Depolama<\/strong><\/li>\n\n\n\n<li>\u00d6zel ekipmanl\u0131 ara\u00e7larla profesyonel y\u00fckleme ayn\u0131 zamanda bo\u015faltma<\/li>\n\n\n\n<li>Sigortal\u0131 ta\u015f\u0131ma se\u00e7enekleri<\/li>\n<\/ul>\n\n\n\n<p>T\u00fcrkiye genelinde g\u00fcvenli, h\u0131zl\u0131 ve ekonomik nakliye \u00e7\u00f6z\u00fcmleri sunuyoruz.<\/p>\n\n\n\n<hr class=\"wp-block-separator has-alpha-channel-opacity\"\/>\n\n\n\n<h2 class=\"wp-block-heading\"><strong>Neden Nakliyen Kap\u0131nda?<\/strong><\/h2>\n\n\n\n<ul class=\"wp-block-list\">\n<li>\ud83d\udd52 <strong>7\/24 Hizmet<\/strong><\/li>\n\n\n\n<li>\ud83d\ude9a <strong>Geni\u015f Ara\u00e7 ve Ekipman Filosu<\/strong><\/li>\n\n\n\n<li>\ud83d\udc77 <strong>Uzman Operat\u00f6r ve Profesyonel Ekip<\/strong><\/li>\n\n\n\n<li>\ud83d\udd12 <strong>G\u00fcvenli ve Sigortal\u0131 \u0130\u015f S\u00fcre\u00e7leri<\/strong><\/li>\n\n\n\n<li>\ud83d\udccd <strong>T\u00fcrkiye\u2019nin Her Noktas\u0131na Hizmet<\/strong><\/li>\n\n\n\n<li>\ud83d\udcb0 <strong>Uygun Fiyat \u2013 H\u0131zl\u0131 \u00c7\u00f6z\u00fcm<\/strong><\/li>\n<\/ul>\n\n\n\n<hr class=\"wp-block-separator has-alpha-channel-opacity\"\/>\n\n\n\n<h2 class=\"wp-block-heading\"><strong>Hemen \u0130leti\u015fime Ge\u00e7in!<\/strong><\/h2>\n\n\n\n<p>Yol yard\u0131m\u0131ndan i\u015f makinesine, nakliyeden depolamaya kadar t\u00fcm \u00e7\u00f6z\u00fcmler bir telefon kadar yak\u0131n!<br><strong>Nakliyen Kap\u0131nda \u2013 \u0130htiyac\u0131n Olan Her Hizmet Kap\u0131nda!<\/strong><\/p>\n\n\n\n<div class=\"wp-block-buttons is-layout-flex wp-block-buttons-is-layout-flex\">\n<div class=\"wp-block-button\"><a class=\"wp-block-button__link wp-element-button\" href=\"tel:05513965234\">TEl<\/a><\/div>\n\n\n\n<div class=\"wp-block-button\"><a class=\"wp-block-button__link wp-element-button\" href=\"https:\/\/wa.me\/905513965234\">Whatsapp<\/a><\/div>\n\n\n\n<div class=\"wp-block-button\"><a class=\"wp-block-button__link wp-element-button\" href=\"https:\/\/nakliyenkapinda.com\/iletisim\/\">\u0130let\u0130\u015f\u0130m<\/a><\/div>\n<\/div>\n\n\n\n<div class=\"wp-block-buttons is-layout-flex wp-block-buttons-is-layout-flex\"><\/div>\n\n\n\n<div class=\"wp-block-buttons is-layout-flex wp-block-buttons-is-layout-flex\"><\/div>\n\n\n\n<p><\/p>\n","protected":false},"excerpt":{"rendered":"<p>Nakliyat ihtiya\u00e7 duydu\u011funuz her durumda h\u0131zl\u0131, g\u00fcvenilir ve profesyonel \u00e7\u00f6z\u00fcmler sunan kapsaml\u0131 bir hizmetler sa\u011flamaky\u0131z. T\u00fcm ihiya\u00e7 ve problemlerine, teknik<\/p>\n","protected":false},"author":1,"featured_media":0,"parent":0,"menu_order":0,"comment_status":"closed","ping_status":"closed","template":"","meta":{"footnotes":""},"class_list":["post-31368","page","type-page","status-publish","hentry"],"yoast_head":"<!-- This site is optimized with the Yoast SEO plugin v26.9 - https:\/\/yoast.com\/product\/yoast-seo-wordpress\/ -->\n<title>Nakliyat | Nakliyen Kap\u0131nda com yan\u0131n\u0131zda<\/title>\n<meta name=\"description\" content=\"Nakliyat hizmeti ile her zaman sizlere hizmet i\u00e7in bize ula\u015fabilirsiniz. Nakliyen Kap\u0131nda olarak bir\u00e7ok alanda hizmet vermekteyiz.\" \/>\n<meta name=\"robots\" content=\"index, follow, max-snippet:-1, max-image-preview:large, max-video-preview:-1\" \/>\n<link rel=\"canonical\" href=\"https:\/\/nakliyenkapinda.com\/tasinma-ve-yol-hizmetleri\/\" \/>\n<meta property=\"og:locale\" content=\"tr_TR\" \/>\n<meta property=\"og:type\" content=\"article\" \/>\n<meta property=\"og:title\" content=\"Nakliyat | Nakliyen Kap\u0131nda com yan\u0131n\u0131zda\" \/>\n<meta property=\"og:description\" content=\"Nakliyat hizmeti ile her zaman sizlere hizmet i\u00e7in bize ula\u015fabilirsiniz. Nakliyen Kap\u0131nda olarak bir\u00e7ok alanda hizmet vermekteyiz.\" \/>\n<meta property=\"og:url\" content=\"https:\/\/nakliyenkapinda.com\/tasinma-ve-yol-hizmetleri\/\" \/>\n<meta property=\"og:site_name\" content=\"Nakliyen Kap\u0131nda Ta\u015f\u0131nma ve Yol Hizmetleri\" \/>\n<meta name=\"twitter:card\" content=\"summary_large_image\" \/>\n<meta name=\"twitter:label1\" content=\"Tahmini okuma s\u00fcresi\" \/>\n\t<meta name=\"twitter:data1\" content=\"2 dakika\" \/>\n<script type=\"application\/ld+json\" class=\"yoast-schema-graph\">{\"@context\":\"https:\/\/schema.org\",\"@graph\":[{\"@type\":\"WebPage\",\"@id\":\"https:\/\/nakliyenkapinda.com\/tasinma-ve-yol-hizmetleri\/\",\"url\":\"https:\/\/nakliyenkapinda.com\/tasinma-ve-yol-hizmetleri\/\",\"name\":\"Nakliyat | Nakliyen Kap\u0131nda com yan\u0131n\u0131zda\",\"isPartOf\":{\"@id\":\"https:\/\/nakliyenkapinda.com\/tasinma-ve-yol-hizmetleri\/#website\"},\"datePublished\":\"2025-12-07T18:14:19+00:00\",\"description\":\"Nakliyat hizmeti ile her zaman sizlere hizmet i\u00e7in bize ula\u015fabilirsiniz. Nakliyen Kap\u0131nda olarak bir\u00e7ok alanda hizmet vermekteyiz.\",\"breadcrumb\":{\"@id\":\"https:\/\/nakliyenkapinda.com\/tasinma-ve-yol-hizmetleri\/#breadcrumb\"},\"inLanguage\":\"tr\",\"potentialAction\":[{\"@type\":\"ReadAction\",\"target\":[\"https:\/\/nakliyenkapinda.com\/tasinma-ve-yol-hizmetleri\/\"]}]},{\"@type\":\"BreadcrumbList\",\"@id\":\"https:\/\/nakliyenkapinda.com\/tasinma-ve-yol-hizmetleri\/#breadcrumb\",\"itemListElement\":[{\"@type\":\"ListItem\",\"position\":1,\"name\":\"Anasayfa\",\"item\":\"https:\/\/nakliyenkapinda.com\/tasinma-ve-yol-hizmetleri\/\"},{\"@type\":\"ListItem\",\"position\":2,\"name\":\"Nakliyat\"}]},{\"@type\":\"WebSite\",\"@id\":\"https:\/\/nakliyenkapinda.com\/tasinma-ve-yol-hizmetleri\/#website\",\"url\":\"https:\/\/nakliyenkapinda.com\/tasinma-ve-yol-hizmetleri\/\",\"name\":\"Nakliyen Kap\u0131nda Ta\u015f\u0131nma ve Yol Hizmetleri\",\"description\":\"\u00c7ekici, yol yard\u0131m, Nakliye, vin\u00e7, froklift, Evden eve nakliye, makina ta\u015f\u0131nmas\u0131 gibi alanlarda hizmet etmektedir. Bu firma web sitesi hakk\u0131nda k\u0131sm\u0131n\u0131 olu\u015fturmak i\u00e7in ilgili alanlar\u0131 buna g\u00f6re g\u00fcnceleyelim.\",\"potentialAction\":[{\"@type\":\"SearchAction\",\"target\":{\"@type\":\"EntryPoint\",\"urlTemplate\":\"https:\/\/nakliyenkapinda.com\/tasinma-ve-yol-hizmetleri\/?s={search_term_string}\"},\"query-input\":{\"@type\":\"PropertyValueSpecification\",\"valueRequired\":true,\"valueName\":\"search_term_string\"}}],\"inLanguage\":\"tr\"}]}<\/script>\n<!-- \/ Yoast SEO plugin. -->","yoast_head_json":{"title":"Nakliyat | Nakliyen Kap\u0131nda com yan\u0131n\u0131zda","description":"Nakliyat hizmeti ile her zaman sizlere hizmet i\u00e7in bize ula\u015fabilirsiniz. Nakliyen Kap\u0131nda olarak bir\u00e7ok alanda hizmet vermekteyiz.","robots":{"index":"index","follow":"follow","max-snippet":"max-snippet:-1","max-image-preview":"max-image-preview:large","max-video-preview":"max-video-preview:-1"},"canonical":"https:\/\/nakliyenkapinda.com\/tasinma-ve-yol-hizmetleri\/","og_locale":"tr_TR","og_type":"article","og_title":"Nakliyat | Nakliyen Kap\u0131nda com yan\u0131n\u0131zda","og_description":"Nakliyat hizmeti ile her zaman sizlere hizmet i\u00e7in bize ula\u015fabilirsiniz. Nakliyen Kap\u0131nda olarak bir\u00e7ok alanda hizmet vermekteyiz.","og_url":"https:\/\/nakliyenkapinda.com\/tasinma-ve-yol-hizmetleri\/","og_site_name":"Nakliyen Kap\u0131nda Ta\u015f\u0131nma ve Yol Hizmetleri","twitter_card":"summary_large_image","twitter_misc":{"Tahmini okuma s\u00fcresi":"2 dakika"},"schema":{"@context":"https:\/\/schema.org","@graph":[{"@type":"WebPage","@id":"https:\/\/nakliyenkapinda.com\/tasinma-ve-yol-hizmetleri\/","url":"https:\/\/nakliyenkapinda.com\/tasinma-ve-yol-hizmetleri\/","name":"Nakliyat | Nakliyen Kap\u0131nda com yan\u0131n\u0131zda","isPartOf":{"@id":"https:\/\/nakliyenkapinda.com\/tasinma-ve-yol-hizmetleri\/#website"},"datePublished":"2025-12-07T18:14:19+00:00","description":"Nakliyat hizmeti ile her zaman sizlere hizmet i\u00e7in bize ula\u015fabilirsiniz. Nakliyen Kap\u0131nda olarak bir\u00e7ok alanda hizmet vermekteyiz.","breadcrumb":{"@id":"https:\/\/nakliyenkapinda.com\/tasinma-ve-yol-hizmetleri\/#breadcrumb"},"inLanguage":"tr","potentialAction":[{"@type":"ReadAction","target":["https:\/\/nakliyenkapinda.com\/tasinma-ve-yol-hizmetleri\/"]}]},{"@type":"BreadcrumbList","@id":"https:\/\/nakliyenkapinda.com\/tasinma-ve-yol-hizmetleri\/#breadcrumb","itemListElement":[{"@type":"ListItem","position":1,"name":"Anasayfa","item":"https:\/\/nakliyenkapinda.com\/tasinma-ve-yol-hizmetleri\/"},{"@type":"ListItem","position":2,"name":"Nakliyat"}]},{"@type":"WebSite","@id":"https:\/\/nakliyenkapinda.com\/tasinma-ve-yol-hizmetleri\/#website","url":"https:\/\/nakliyenkapinda.com\/tasinma-ve-yol-hizmetleri\/","name":"Nakliyen Kap\u0131nda Ta\u015f\u0131nma ve Yol Hizmetleri","description":"\u00c7ekici, yol yard\u0131m, Nakliye, vin\u00e7, froklift, Evden eve nakliye, makina ta\u015f\u0131nmas\u0131 gibi alanlarda hizmet etmektedir. Bu firma web sitesi hakk\u0131nda k\u0131sm\u0131n\u0131 olu\u015fturmak i\u00e7in ilgili alanlar\u0131 buna g\u00f6re g\u00fcnceleyelim.","potentialAction":[{"@type":"SearchAction","target":{"@type":"EntryPoint","urlTemplate":"https:\/\/nakliyenkapinda.com\/tasinma-ve-yol-hizmetleri\/?s={search_term_string}"},"query-input":{"@type":"PropertyValueSpecification","valueRequired":true,"valueName":"search_term_string"}}],"inLanguage":"tr"}]}},"_links":{"self":[{"href":"https:\/\/nakliyenkapinda.com\/tasinma-ve-yol-hizmetleri\/wp-json\/wp\/v2\/pages\/31368","targetHints":{"allow":["GET"]}}],"collection":[{"href":"https:\/\/nakliyenkapinda.com\/tasinma-ve-yol-hizmetleri\/wp-json\/wp\/v2\/pages"}],"about":[{"href":"https:\/\/nakliyenkapinda.com\/tasinma-ve-yol-hizmetleri\/wp-json\/wp\/v2\/types\/page"}],"author":[{"embeddable":true,"href":"https:\/\/nakliyenkapinda.com\/tasinma-ve-yol-hizmetleri\/wp-json\/wp\/v2\/users\/1"}],"replies":[{"embeddable":true,"href":"https:\/\/nakliyenkapinda.com\/tasinma-ve-yol-hizmetleri\/wp-json\/wp\/v2\/comments?post=31368"}],"version-history":[{"count":0,"href":"https:\/\/nakliyenkapinda.com\/tasinma-ve-yol-hizmetleri\/wp-json\/wp\/v2\/pages\/31368\/revisions"}],"wp:attachment":[{"href":"https:\/\/nakliyenkapinda.com\/tasinma-ve-yol-hizmetleri\/wp-json\/wp\/v2\/media?parent=31368"}],"curies":[{"name":"wp","href":"https:\/\/api.w.org\/{rel}","templated":true}]}}